{"id":24655,"date":"2025-11-11T20:05:13","date_gmt":"2025-11-11T18:05:13","guid":{"rendered":"https:\/\/www.nordi.ee\/toode\/byron-puhketool-beez-2\/"},"modified":"2026-04-13T05:02:21","modified_gmt":"2026-04-13T02:02:21","slug":"tugitool-belante-beez-2","status":"publish","type":"product","link":"https:\/\/www.nordi.ee\/en\/toode\/tugitool-belante-beez-2\/","title":{"rendered":"Tugitool BELANTE, bee\u017e"},"content":{"rendered":"<p>m\u00f5\u00f5tmed: 75\/85\/92\/45 cm; materjal: kangas &#8211; VARDO \/ pulberkattega teras, v\u00e4rvid: bee\u017e VARDO#28<\/p>\n","protected":false},"excerpt":{"rendered":"<p>m\u00f5\u00f5tmed: 75\/85\/92\/45 cm; materjal: kangas &#8211; VARDO \/ pulberkattega teras, v\u00e4rvid: bee\u017e VARDO#28<\/p>\n","protected":false},"featured_media":11798,"comment_status":"closed","ping_status":"closed","template":"","meta":{"_gspb_post_css":""},"product_brand":[],"product_cat":[215,188],"product_tag":[],"class_list":{"0":"post-24655","1":"product","2":"type-product","3":"status-publish","4":"has-post-thumbnail","6":"product_cat-pehme-moobel","7":"product_cat-tugitoolid","8":"pa_istmekorgus-362","9":"pa_jalgade-raami-materjal-metall","10":"pa_jalgade-raami-varv-must","11":"pa_kanga-tuup-vardo-kangas","12":"pa_kanga-varv-beez","13":"pa_korgus-758","14":"pa_laius-359","15":"pa_pakkide-arv-226","16":"pa_stiil-klassikaline","17":"pa_stiil-modernne","18":"pa_stiil-traditsiooniline","19":"pa_sugavus-863","20":"pa_vahelaos-jah","21":"pa_varv-beez","23":"first","24":"instock","25":"sale","26":"purchasable","27":"product-type-simple"},"_links":{"self":[{"href":"https:\/\/www.nordi.ee\/en\/wp-json\/wp\/v2\/product\/24655","targetHints":{"allow":["GET"]}}],"collection":[{"href":"https:\/\/www.nordi.ee\/en\/wp-json\/wp\/v2\/product"}],"about":[{"href":"https:\/\/www.nordi.ee\/en\/wp-json\/wp\/v2\/types\/product"}],"replies":[{"embeddable":true,"href":"https:\/\/www.nordi.ee\/en\/wp-json\/wp\/v2\/comments?post=24655"}],"wp:featuredmedia":[{"embeddable":true,"href":"https:\/\/www.nordi.ee\/en\/wp-json\/wp\/v2\/media\/11798"}],"wp:attachment":[{"href":"https:\/\/www.nordi.ee\/en\/wp-json\/wp\/v2\/media?parent=24655"}],"wp:term":[{"taxonomy":"product_brand","embeddable":true,"href":"https:\/\/www.nordi.ee\/en\/wp-json\/wp\/v2\/product_brand?post=24655"},{"taxonomy":"product_cat","embeddable":true,"href":"https:\/\/www.nordi.ee\/en\/wp-json\/wp\/v2\/product_cat?post=24655"},{"taxonomy":"product_tag","embeddable":true,"href":"https:\/\/www.nordi.ee\/en\/wp-json\/wp\/v2\/product_tag?post=24655"}],"curies":[{"name":"wp","href":"https:\/\/api.w.org\/{rel}","templated":true}]}}