{"id":24638,"date":"2025-11-11T20:04:56","date_gmt":"2025-11-11T18:04:56","guid":{"rendered":"https:\/\/www.nordi.ee\/toode\/bunky-kaksikippline-voodi-valge\/"},"modified":"2026-04-13T05:02:20","modified_gmt":"2026-04-13T02:02:20","slug":"bunky-narivoodi-valge-2","status":"publish","type":"product","link":"https:\/\/www.nordi.ee\/en\/toode\/bunky-narivoodi-valge-2\/","title":{"rendered":"BUNKY narivoodi, valge"},"content":{"rendered":"<p>kahes\u00fclose voodi \/ kaks \u00fcksikut voodit, materjal: pulberkattega teras, v\u00e4rv: valge, * voodi ilma madratsita, valikuline madrats POLARIS 90 v\u00f5i SYRIUSZ 90<\/p>\n","protected":false},"excerpt":{"rendered":"<p>kahes\u00fclose voodi \/ kaks \u00fcksikut voodit, materjal: pulberkattega teras, v\u00e4rv: valge, * voodi ilma madratsita, valikuline madrats POLARIS 90 v\u00f5i SYRIUSZ 90<\/p>\n","protected":false},"featured_media":11787,"comment_status":"closed","ping_status":"open","template":"","meta":{"_gspb_post_css":""},"product_brand":[],"product_cat":[4066],"product_tag":[],"class_list":{"0":"post-24638","1":"product","2":"type-product","3":"status-publish","4":"has-post-thumbnail","6":"product_cat-lastevoodid","7":"pa_korgus-856","8":"pa_laius-855","9":"pa_pakkide-arv-295","10":"pa_pesukast-ei","11":"pa_sobiv-madratsi-suurus-90x200cm","12":"pa_stiil-modernne","13":"pa_stiil-loft","14":"pa_sugavus-4100","15":"pa_tuba-lastetuba","16":"pa_vahelaos-jah","17":"pa_varv-valge","18":"pa_voodituup-metall","20":"first","21":"instock","22":"sale","23":"purchasable","24":"product-type-simple"},"_links":{"self":[{"href":"https:\/\/www.nordi.ee\/en\/wp-json\/wp\/v2\/product\/24638","targetHints":{"allow":["GET"]}}],"collection":[{"href":"https:\/\/www.nordi.ee\/en\/wp-json\/wp\/v2\/product"}],"about":[{"href":"https:\/\/www.nordi.ee\/en\/wp-json\/wp\/v2\/types\/product"}],"replies":[{"embeddable":true,"href":"https:\/\/www.nordi.ee\/en\/wp-json\/wp\/v2\/comments?post=24638"}],"wp:featuredmedia":[{"embeddable":true,"href":"https:\/\/www.nordi.ee\/en\/wp-json\/wp\/v2\/media\/11787"}],"wp:attachment":[{"href":"https:\/\/www.nordi.ee\/en\/wp-json\/wp\/v2\/media?parent=24638"}],"wp:term":[{"taxonomy":"product_brand","embeddable":true,"href":"https:\/\/www.nordi.ee\/en\/wp-json\/wp\/v2\/product_brand?post=24638"},{"taxonomy":"product_cat","embeddable":true,"href":"https:\/\/www.nordi.ee\/en\/wp-json\/wp\/v2\/product_cat?post=24638"},{"taxonomy":"product_tag","embeddable":true,"href":"https:\/\/www.nordi.ee\/en\/wp-json\/wp\/v2\/product_tag?post=24638"}],"curies":[{"name":"wp","href":"https:\/\/api.w.org\/{rel}","templated":true}]}}