{"id":24628,"date":"2025-11-11T20:04:56","date_gmt":"2025-11-11T18:04:56","guid":{"rendered":"https:\/\/www.nordi.ee\/toode\/soogilaud-aurviera-ummargune-valge-marmor-pahkel\/"},"modified":"2026-04-15T05:01:28","modified_gmt":"2026-04-15T02:01:28","slug":"ummargune-aurviera-valge-marmor","status":"publish","type":"product","link":"https:\/\/www.nordi.ee\/en\/toode\/ummargune-aurviera-valge-marmor\/","title":{"rendered":"\u00dcmmargune s\u00f6\u00f6gilaud AURVIERA, valge marmor"},"content":{"rendered":"<p>m\u00f5\u00f5tmed: \u00f8 120\/76 cm, materjal: keraamika \/ massiivne puit, v\u00e4rv: pealmine &#8211; valge marmor, jalad &#8211; p\u00e4hkel<\/p>\n","protected":false},"excerpt":{"rendered":"<p>m\u00f5\u00f5tmed: \u00f8 120\/76 cm, materjal: keraamika \/ massiivne puit, v\u00e4rv: pealmine &#8211; valge marmor, jalad &#8211; p\u00e4hkel<\/p>\n","protected":false},"featured_media":11783,"comment_status":"closed","ping_status":"closed","template":"","meta":{"_gspb_post_css":""},"product_brand":[],"product_cat":[190,167],"product_tag":[],"class_list":{"0":"post-24628","1":"product","2":"type-product","3":"status-publish","4":"has-post-thumbnail","6":"product_cat-soogilauad","7":"product_cat-soogituba","8":"pa_jalgade-arv-494","9":"pa_korgus-406","10":"pa_laius-286","11":"pa_laua-suurus-5-person","12":"pa_laua-varvus-valge-marmor","13":"pa_laua-viimistlus-matt","14":"pa_lauaplaadi-kuju-ummargune","15":"pa_lauaplaadi-materjal-keraamika","16":"pa_pakkide-arv-295","17":"pa_pikendatav-ei","18":"pa_raami-materjal-puit","19":"pa_stiil-kaasaegne","20":"pa_sugavus-1832","21":"pa_vahelaos-jah","22":"pa_varv-marmor","24":"first","25":"instock","26":"sale","27":"purchasable","28":"product-type-simple"},"_links":{"self":[{"href":"https:\/\/www.nordi.ee\/en\/wp-json\/wp\/v2\/product\/24628","targetHints":{"allow":["GET"]}}],"collection":[{"href":"https:\/\/www.nordi.ee\/en\/wp-json\/wp\/v2\/product"}],"about":[{"href":"https:\/\/www.nordi.ee\/en\/wp-json\/wp\/v2\/types\/product"}],"replies":[{"embeddable":true,"href":"https:\/\/www.nordi.ee\/en\/wp-json\/wp\/v2\/comments?post=24628"}],"wp:featuredmedia":[{"embeddable":true,"href":"https:\/\/www.nordi.ee\/en\/wp-json\/wp\/v2\/media\/11783"}],"wp:attachment":[{"href":"https:\/\/www.nordi.ee\/en\/wp-json\/wp\/v2\/media?parent=24628"}],"wp:term":[{"taxonomy":"product_brand","embeddable":true,"href":"https:\/\/www.nordi.ee\/en\/wp-json\/wp\/v2\/product_brand?post=24628"},{"taxonomy":"product_cat","embeddable":true,"href":"https:\/\/www.nordi.ee\/en\/wp-json\/wp\/v2\/product_cat?post=24628"},{"taxonomy":"product_tag","embeddable":true,"href":"https:\/\/www.nordi.ee\/en\/wp-json\/wp\/v2\/product_tag?post=24628"}],"curies":[{"name":"wp","href":"https:\/\/api.w.org\/{rel}","templated":true}]}}