{"id":24579,"date":"2025-11-11T20:04:41","date_gmt":"2025-11-11T18:04:41","guid":{"rendered":"https:\/\/www.nordi.ee\/toode\/bosco-ristkuliku-kujuline-laud-valge\/"},"modified":"2026-04-13T05:02:16","modified_gmt":"2026-04-13T02:02:16","slug":"bosco-ristkuliku-kujuline-laud-valge","status":"publish","type":"product","link":"https:\/\/www.nordi.ee\/en\/toode\/bosco-ristkuliku-kujuline-laud-valge\/","title":{"rendered":"BOSCO ristk\u00fcliku kujuline laud, valge"},"content":{"rendered":"<p>m\u00f5\u00f5tmed: 140\/70\/76 cm, materjal: pulberkattega teras, v\u00e4rv: valge<\/p>\n","protected":false},"excerpt":{"rendered":"<p>m\u00f5\u00f5tmed: 140\/70\/76 cm, materjal: pulberkattega teras, v\u00e4rv: valge<\/p>\n","protected":false},"featured_media":11755,"comment_status":"closed","ping_status":"closed","template":"","meta":{"_gspb_post_css":""},"product_brand":[],"product_cat":[190,167],"product_tag":[],"class_list":{"0":"post-24579","1":"product","2":"type-product","3":"status-publish","4":"has-post-thumbnail","6":"product_cat-soogilauad","7":"product_cat-soogituba","8":"pa_jalgade-arv-289","9":"pa_korgus-406","10":"pa_laius-427","11":"pa_laua-suurus-6-person","12":"pa_laua-varvus-valge","13":"pa_laua-viimistlus-matt","14":"pa_lauaplaadi-kuju-ristkulikukujuline","15":"pa_lauaplaadi-materjal-pulberkattega-teras","16":"pa_pakkide-arv-295","17":"pa_pikendatav-ei","18":"pa_raami-varv-valge","19":"pa_stiil-kaasaegne","20":"pa_sugavus-4088","21":"pa_vahelaos-ei","22":"pa_varv-valge","24":"first","25":"instock","26":"sale","27":"purchasable","28":"product-type-simple"},"_links":{"self":[{"href":"https:\/\/www.nordi.ee\/en\/wp-json\/wp\/v2\/product\/24579","targetHints":{"allow":["GET"]}}],"collection":[{"href":"https:\/\/www.nordi.ee\/en\/wp-json\/wp\/v2\/product"}],"about":[{"href":"https:\/\/www.nordi.ee\/en\/wp-json\/wp\/v2\/types\/product"}],"replies":[{"embeddable":true,"href":"https:\/\/www.nordi.ee\/en\/wp-json\/wp\/v2\/comments?post=24579"}],"wp:featuredmedia":[{"embeddable":true,"href":"https:\/\/www.nordi.ee\/en\/wp-json\/wp\/v2\/media\/11755"}],"wp:attachment":[{"href":"https:\/\/www.nordi.ee\/en\/wp-json\/wp\/v2\/media?parent=24579"}],"wp:term":[{"taxonomy":"product_brand","embeddable":true,"href":"https:\/\/www.nordi.ee\/en\/wp-json\/wp\/v2\/product_brand?post=24579"},{"taxonomy":"product_cat","embeddable":true,"href":"https:\/\/www.nordi.ee\/en\/wp-json\/wp\/v2\/product_cat?post=24579"},{"taxonomy":"product_tag","embeddable":true,"href":"https:\/\/www.nordi.ee\/en\/wp-json\/wp\/v2\/product_tag?post=24579"}],"curies":[{"name":"wp","href":"https:\/\/api.w.org\/{rel}","templated":true}]}}