{"id":24536,"date":"2025-11-11T20:04:11","date_gmt":"2025-11-11T18:04:11","guid":{"rendered":"https:\/\/www.nordi.ee\/toode\/soogilaud-auretto\/"},"modified":"2026-04-13T05:02:13","modified_gmt":"2026-04-13T02:02:13","slug":"soogilaud-auretto","status":"publish","type":"product","link":"https:\/\/www.nordi.ee\/en\/toode\/soogilaud-auretto\/","title":{"rendered":"S\u00f6\u00f6gilaud AURETTO"},"content":{"rendered":"<p>m\u00f5\u00f5tmed: o120\/76 cm, materjal: laminaat MDF \/ kroomteras, v\u00e4rv: pealispind &#8211; hall marmor, jalad &#8211; kuldne<\/p>\n","protected":false},"excerpt":{"rendered":"<p>m\u00f5\u00f5tmed: o120\/76 cm, materjal: laminaat MDF \/ kroomteras, v\u00e4rv: pealispind &#8211; hall marmor, jalad &#8211; kuldne<\/p>\n","protected":false},"featured_media":11731,"comment_status":"closed","ping_status":"open","template":"","meta":{"_gspb_post_css":""},"product_brand":[],"product_cat":[190,167],"product_tag":[],"class_list":{"0":"post-24536","1":"product","2":"type-product","3":"status-publish","4":"has-post-thumbnail","6":"product_cat-soogilauad","7":"product_cat-soogituba","8":"pa_jalgade-arv-289","9":"pa_korgus-406","10":"pa_laius-286","11":"pa_laua-suurus-6-person","12":"pa_laua-varvus-hall","13":"pa_laua-viimistlus-laikiv","14":"pa_lauaplaadi-kuju-ummargune","15":"pa_lauaplaadi-materjal-lamiiniga-kaetud-mdf","16":"pa_pakkide-arv-295","17":"pa_pikendatav-ei","18":"pa_raami-materjal-metall","19":"pa_stiil-glamuur","20":"pa_stiil-moodne","21":"pa_sugavus-1832","22":"pa_vahelaos-ei","23":"pa_varv-kuldne","24":"pa_varv-hall","26":"first","27":"instock","28":"sale","29":"purchasable","30":"product-type-simple"},"_links":{"self":[{"href":"https:\/\/www.nordi.ee\/en\/wp-json\/wp\/v2\/product\/24536","targetHints":{"allow":["GET"]}}],"collection":[{"href":"https:\/\/www.nordi.ee\/en\/wp-json\/wp\/v2\/product"}],"about":[{"href":"https:\/\/www.nordi.ee\/en\/wp-json\/wp\/v2\/types\/product"}],"replies":[{"embeddable":true,"href":"https:\/\/www.nordi.ee\/en\/wp-json\/wp\/v2\/comments?post=24536"}],"wp:featuredmedia":[{"embeddable":true,"href":"https:\/\/www.nordi.ee\/en\/wp-json\/wp\/v2\/media\/11731"}],"wp:attachment":[{"href":"https:\/\/www.nordi.ee\/en\/wp-json\/wp\/v2\/media?parent=24536"}],"wp:term":[{"taxonomy":"product_brand","embeddable":true,"href":"https:\/\/www.nordi.ee\/en\/wp-json\/wp\/v2\/product_brand?post=24536"},{"taxonomy":"product_cat","embeddable":true,"href":"https:\/\/www.nordi.ee\/en\/wp-json\/wp\/v2\/product_cat?post=24536"},{"taxonomy":"product_tag","embeddable":true,"href":"https:\/\/www.nordi.ee\/en\/wp-json\/wp\/v2\/product_tag?post=24536"}],"curies":[{"name":"wp","href":"https:\/\/api.w.org\/{rel}","templated":true}]}}