{"id":24535,"date":"2025-11-11T20:04:11","date_gmt":"2025-11-11T18:04:11","guid":{"rendered":"https:\/\/www.nordi.ee\/toode\/soogilaua-komplekt-aurlina\/"},"modified":"2026-04-13T05:02:13","modified_gmt":"2026-04-13T02:02:13","slug":"soogilaua-komplekt-aurlina","status":"publish","type":"product","link":"https:\/\/www.nordi.ee\/en\/toode\/soogilaua-komplekt-aurlina\/","title":{"rendered":"S\u00f6\u00f6gilaua komplekt AURLINA"},"content":{"rendered":"<p>m\u00f5\u00f5tmed: 140\/80\/75 cm, laud + 6 tooli, materjal: laminaat MDF \/ pulberkattega teras, v\u00e4rv: kuldne tamm \/ must<\/p>\n","protected":false},"excerpt":{"rendered":"<p>m\u00f5\u00f5tmed: 140\/80\/75 cm, laud + 6 tooli, materjal: laminaat MDF \/ pulberkattega teras, v\u00e4rv: kuldne tamm \/ must<\/p>\n","protected":false},"featured_media":11729,"comment_status":"closed","ping_status":"open","template":"","meta":{"_gspb_post_css":""},"product_brand":[],"product_cat":[211,167],"product_tag":[],"class_list":{"0":"post-24535","1":"product","2":"type-product","3":"status-publish","4":"has-post-thumbnail","6":"product_cat-soogilaua-komplektid","7":"product_cat-soogituba","8":"pa_korgus-287","9":"pa_laius-353","10":"pa_materjal-lamiiniga-kaetud-mdf","11":"pa_pakkide-arv-226","12":"pa_raami-materjal-metall","13":"pa_raami-varv-must","14":"pa_stiil-loft","15":"pa_sugavus-4088","16":"pa_vahelaos-jah","17":"pa_varv-tamm","19":"first","20":"instock","21":"sale","22":"purchasable","23":"product-type-simple"},"_links":{"self":[{"href":"https:\/\/www.nordi.ee\/en\/wp-json\/wp\/v2\/product\/24535","targetHints":{"allow":["GET"]}}],"collection":[{"href":"https:\/\/www.nordi.ee\/en\/wp-json\/wp\/v2\/product"}],"about":[{"href":"https:\/\/www.nordi.ee\/en\/wp-json\/wp\/v2\/types\/product"}],"replies":[{"embeddable":true,"href":"https:\/\/www.nordi.ee\/en\/wp-json\/wp\/v2\/comments?post=24535"}],"wp:featuredmedia":[{"embeddable":true,"href":"https:\/\/www.nordi.ee\/en\/wp-json\/wp\/v2\/media\/11729"}],"wp:attachment":[{"href":"https:\/\/www.nordi.ee\/en\/wp-json\/wp\/v2\/media?parent=24535"}],"wp:term":[{"taxonomy":"product_brand","embeddable":true,"href":"https:\/\/www.nordi.ee\/en\/wp-json\/wp\/v2\/product_brand?post=24535"},{"taxonomy":"product_cat","embeddable":true,"href":"https:\/\/www.nordi.ee\/en\/wp-json\/wp\/v2\/product_cat?post=24535"},{"taxonomy":"product_tag","embeddable":true,"href":"https:\/\/www.nordi.ee\/en\/wp-json\/wp\/v2\/product_tag?post=24535"}],"curies":[{"name":"wp","href":"https:\/\/api.w.org\/{rel}","templated":true}]}}