{"id":24492,"date":"2025-11-11T20:03:52","date_gmt":"2025-11-11T18:03:52","guid":{"rendered":"https:\/\/www.nordi.ee\/toode\/bliss-pink-sailitamise-funktsiooniga-pink-kreemjas\/"},"modified":"2026-04-13T05:02:10","modified_gmt":"2026-04-13T02:02:10","slug":"bliss-pink-sailitusfunktsiooniga-pink-kreemjas","status":"publish","type":"product","link":"https:\/\/www.nordi.ee\/en\/toode\/bliss-pink-sailitusfunktsiooniga-pink-kreemjas\/","title":{"rendered":"BLISS pink s\u00e4ilitusfunktsiooniga pink, kreemjas"},"content":{"rendered":"<p>pingi koos hoiustamisfunktsiooniga, m\u00f5\u00f5tmed: 105\/42\/42 cm, materjal: kangas &#8211; boucle, v\u00e4rv: kreem<\/p>\n","protected":false},"excerpt":{"rendered":"<p>pingi koos hoiustamisfunktsiooniga, m\u00f5\u00f5tmed: 105\/42\/42 cm, materjal: kangas &#8211; boucle, v\u00e4rv: kreem<\/p>\n","protected":false},"featured_media":11705,"comment_status":"closed","ping_status":"open","template":"","meta":{"_gspb_post_css":""},"product_brand":[],"product_cat":[618],"product_tag":[],"class_list":{"0":"post-24492","1":"product","2":"type-product","3":"status-publish","4":"has-post-thumbnail","6":"product_cat-pingid","7":"pa_istmekorgus-826","8":"pa_kanga-tuup-boucle-kangas","9":"pa_kanga-varv-kreemjas","10":"pa_korgus-422","11":"pa_laius-498","12":"pa_lisafunktsioonid-pesukast","13":"pa_pakkide-arv-226","14":"pa_stiil-kaasaegne","15":"pa_sugavus-355","16":"pa_vahelaos-jah","17":"pa_varv-kreemjas","19":"first","20":"instock","21":"sale","22":"purchasable","23":"product-type-simple"},"_links":{"self":[{"href":"https:\/\/www.nordi.ee\/en\/wp-json\/wp\/v2\/product\/24492","targetHints":{"allow":["GET"]}}],"collection":[{"href":"https:\/\/www.nordi.ee\/en\/wp-json\/wp\/v2\/product"}],"about":[{"href":"https:\/\/www.nordi.ee\/en\/wp-json\/wp\/v2\/types\/product"}],"replies":[{"embeddable":true,"href":"https:\/\/www.nordi.ee\/en\/wp-json\/wp\/v2\/comments?post=24492"}],"wp:featuredmedia":[{"embeddable":true,"href":"https:\/\/www.nordi.ee\/en\/wp-json\/wp\/v2\/media\/11705"}],"wp:attachment":[{"href":"https:\/\/www.nordi.ee\/en\/wp-json\/wp\/v2\/media?parent=24492"}],"wp:term":[{"taxonomy":"product_brand","embeddable":true,"href":"https:\/\/www.nordi.ee\/en\/wp-json\/wp\/v2\/product_brand?post=24492"},{"taxonomy":"product_cat","embeddable":true,"href":"https:\/\/www.nordi.ee\/en\/wp-json\/wp\/v2\/product_cat?post=24492"},{"taxonomy":"product_tag","embeddable":true,"href":"https:\/\/www.nordi.ee\/en\/wp-json\/wp\/v2\/product_tag?post=24492"}],"curies":[{"name":"wp","href":"https:\/\/api.w.org\/{rel}","templated":true}]}}