{"id":24366,"date":"2025-11-11T20:03:09","date_gmt":"2025-11-11T18:03:09","guid":{"rendered":"https:\/\/www.nordi.ee\/toode\/pikendatav-soogilaud-alteno-pahkel-must\/"},"modified":"2026-04-13T05:02:02","modified_gmt":"2026-04-13T02:02:02","slug":"pikendatav-soogilaud-alteno-pahkel-must","status":"publish","type":"product","link":"https:\/\/www.nordi.ee\/en\/toode\/pikendatav-soogilaud-alteno-pahkel-must\/","title":{"rendered":"Pikendatav S\u00f6\u00f6gilaud ALTENO, p\u00e4hkel \/ must"},"content":{"rendered":"<p>m\u00f5\u00f5tmed: 160\u00f7220\/90\/76 cm, pikendatav laud, materjal: laminaat MDF \/ pulberkattega teras, v\u00e4rv: pind &#8211; mee p\u00e4hkel, jalad &#8211; must. P\u00e4rast vedelike tilkumist laua pinnale p\u00fchi see kohe kuivaks, et v\u00e4ltida vee imendumist lauda.<\/p>\n","protected":false},"excerpt":{"rendered":"<p>m\u00f5\u00f5tmed: 160\u00f7220\/90\/76 cm, pikendatav laud, materjal: laminaat MDF \/ pulberkattega teras, v\u00e4rv: pind &#8211; mee p\u00e4hkel, jalad &#8211; must. P\u00e4rast vedelike tilkumist laua pinnale p\u00fchi see kohe kuivaks, et v\u00e4ltida vee imendumist lauda.<\/p>\n","protected":false},"featured_media":11658,"comment_status":"closed","ping_status":"open","template":"","meta":{"_gspb_post_css":""},"product_brand":[],"product_cat":[190,167],"product_tag":[],"class_list":{"0":"post-24366","1":"product","2":"type-product","3":"status-publish","4":"has-post-thumbnail","6":"product_cat-soogilauad","7":"product_cat-soogituba","8":"pa_jalgade-arv-289","9":"pa_korgus-406","10":"pa_laius-349","11":"pa_laua-suurus-6-person-10-person","12":"pa_laua-varvus-pahkel","13":"pa_laua-viimistlus-matt","14":"pa_lauaplaadi-kuju-ristkulikukujuline","15":"pa_lauaplaadi-materjal-lamiiniga-kaetud-mdf","16":"pa_maximum-pikkus-4212","17":"pa_pakkide-arv-226","18":"pa_pikendatav-jah","19":"pa_raami-materjal-metall","20":"pa_stiil-loft","21":"pa_sugavus-4084","22":"pa_vahelaos-jah","23":"pa_varv-pahkel","25":"first","26":"instock","27":"sale","28":"purchasable","29":"product-type-simple"},"_links":{"self":[{"href":"https:\/\/www.nordi.ee\/en\/wp-json\/wp\/v2\/product\/24366","targetHints":{"allow":["GET"]}}],"collection":[{"href":"https:\/\/www.nordi.ee\/en\/wp-json\/wp\/v2\/product"}],"about":[{"href":"https:\/\/www.nordi.ee\/en\/wp-json\/wp\/v2\/types\/product"}],"replies":[{"embeddable":true,"href":"https:\/\/www.nordi.ee\/en\/wp-json\/wp\/v2\/comments?post=24366"}],"wp:featuredmedia":[{"embeddable":true,"href":"https:\/\/www.nordi.ee\/en\/wp-json\/wp\/v2\/media\/11658"}],"wp:attachment":[{"href":"https:\/\/www.nordi.ee\/en\/wp-json\/wp\/v2\/media?parent=24366"}],"wp:term":[{"taxonomy":"product_brand","embeddable":true,"href":"https:\/\/www.nordi.ee\/en\/wp-json\/wp\/v2\/product_brand?post=24366"},{"taxonomy":"product_cat","embeddable":true,"href":"https:\/\/www.nordi.ee\/en\/wp-json\/wp\/v2\/product_cat?post=24366"},{"taxonomy":"product_tag","embeddable":true,"href":"https:\/\/www.nordi.ee\/en\/wp-json\/wp\/v2\/product_tag?post=24366"}],"curies":[{"name":"wp","href":"https:\/\/api.w.org\/{rel}","templated":true}]}}