{"id":24194,"date":"2025-11-11T20:01:49","date_gmt":"2025-11-11T18:01:49","guid":{"rendered":"https:\/\/www.nordi.ee\/toode\/ummargune-soogilaud-aldoria-pahkel-must\/"},"modified":"2026-04-13T05:01:52","modified_gmt":"2026-04-13T02:01:52","slug":"ummargune-soogilaud-aldoria-pahkel-must","status":"publish","type":"product","link":"https:\/\/www.nordi.ee\/en\/toode\/ummargune-soogilaud-aldoria-pahkel-must\/","title":{"rendered":"\u00dcmmargune S\u00f6\u00f6gilaud ALDORIA, p\u00e4hkel \/ must"},"content":{"rendered":"<p>m\u00f5\u00f5tmed: \u00d8105\/75 cm, materjal: laminaat MDF &#8211; melamiini \/ pulberkattega teras, v\u00e4rv: pind &#8211; p\u00e4hklipuu, jalad &#8211; must<\/p>\n","protected":false},"excerpt":{"rendered":"<p>m\u00f5\u00f5tmed: \u00d8105\/75 cm, materjal: laminaat MDF &#8211; melamiini \/ pulberkattega teras, v\u00e4rv: pind &#8211; p\u00e4hklipuu, jalad &#8211; must<\/p>\n","protected":false},"featured_media":11586,"comment_status":"closed","ping_status":"open","template":"","meta":{"_gspb_post_css":""},"product_brand":[],"product_cat":[190,167],"product_tag":[],"class_list":{"0":"post-24194","1":"product","2":"type-product","3":"status-publish","4":"has-post-thumbnail","6":"product_cat-soogilauad","7":"product_cat-soogituba","8":"pa_jalgade-arv-289","9":"pa_korgus-287","10":"pa_laius-498","11":"pa_laua-suurus-4-person","12":"pa_laua-varvus-pahkel","13":"pa_laua-varvus-pruun","14":"pa_laua-viimistlus-matt","15":"pa_lauaplaadi-kuju-ummargune","16":"pa_lauaplaadi-materjal-lamiiniga-kaetud-mdf","17":"pa_pakkide-arv-226","18":"pa_pikendatav-ei","19":"pa_raami-materjal-metall","20":"pa_stiil-loft","21":"pa_sugavus-4096","22":"pa_vahelaos-jah","23":"pa_varv-pahkel","24":"pa_varv-must","26":"first","27":"instock","28":"sale","29":"purchasable","30":"product-type-simple"},"_links":{"self":[{"href":"https:\/\/www.nordi.ee\/en\/wp-json\/wp\/v2\/product\/24194","targetHints":{"allow":["GET"]}}],"collection":[{"href":"https:\/\/www.nordi.ee\/en\/wp-json\/wp\/v2\/product"}],"about":[{"href":"https:\/\/www.nordi.ee\/en\/wp-json\/wp\/v2\/types\/product"}],"replies":[{"embeddable":true,"href":"https:\/\/www.nordi.ee\/en\/wp-json\/wp\/v2\/comments?post=24194"}],"wp:featuredmedia":[{"embeddable":true,"href":"https:\/\/www.nordi.ee\/en\/wp-json\/wp\/v2\/media\/11586"}],"wp:attachment":[{"href":"https:\/\/www.nordi.ee\/en\/wp-json\/wp\/v2\/media?parent=24194"}],"wp:term":[{"taxonomy":"product_brand","embeddable":true,"href":"https:\/\/www.nordi.ee\/en\/wp-json\/wp\/v2\/product_brand?post=24194"},{"taxonomy":"product_cat","embeddable":true,"href":"https:\/\/www.nordi.ee\/en\/wp-json\/wp\/v2\/product_cat?post=24194"},{"taxonomy":"product_tag","embeddable":true,"href":"https:\/\/www.nordi.ee\/en\/wp-json\/wp\/v2\/product_tag?post=24194"}],"curies":[{"name":"wp","href":"https:\/\/api.w.org\/{rel}","templated":true}]}}