{"id":24169,"date":"2025-11-11T20:01:49","date_gmt":"2025-11-11T18:01:49","guid":{"rendered":"https:\/\/www.nordi.ee\/toode\/pikendatav-soogilaud-aldora-pahkel-must\/"},"modified":"2026-04-13T05:01:52","modified_gmt":"2026-04-13T02:01:52","slug":"pikendatav-soogilaud-aldora-pahkel-must","status":"publish","type":"product","link":"https:\/\/www.nordi.ee\/en\/toode\/pikendatav-soogilaud-aldora-pahkel-must\/","title":{"rendered":"Pikendatav S\u00f6\u00f6gilaud ALDORA, p\u00e4hkel \/ must"},"content":{"rendered":"<p>m\u00f5\u00f5tmed: 200-350\/100\/75 cm, pikendatav laud, materjal: MDF + looduslik foon, pulberkattega teras, v\u00e4rv: laua plaat &#8211; p\u00e4hkel, jalad &#8211; must<\/p>\n","protected":false},"excerpt":{"rendered":"<p>m\u00f5\u00f5tmed: 200-350\/100\/75 cm, pikendatav laud, materjal: MDF + looduslik foon, pulberkattega teras, v\u00e4rv: laua plaat &#8211; p\u00e4hkel, jalad &#8211; must<\/p>\n","protected":false},"featured_media":11582,"comment_status":"closed","ping_status":"open","template":"","meta":{"_gspb_post_css":""},"product_brand":[],"product_cat":[190,167],"product_tag":[],"class_list":{"0":"post-24169","1":"product","2":"type-product","3":"status-publish","4":"has-post-thumbnail","6":"product_cat-soogilauad","7":"product_cat-soogituba","8":"pa_jalgade-arv-547","9":"pa_korgus-287","10":"pa_laius-615","11":"pa_laua-suurus-10-person-12-person","12":"pa_laua-varvus-pahkel","13":"pa_laua-varvus-pruun","14":"pa_laua-viimistlus-matt","15":"pa_lauaplaadi-kuju-ristkulikukujuline","16":"pa_lauaplaadi-materjal-spoon","17":"pa_maximum-pikkus-4213","18":"pa_pakkide-arv-295","19":"pa_pikendatav-jah","20":"pa_raami-materjal-metall","21":"pa_stiil-modernne","22":"pa_stiil-loft","23":"pa_sugavus-4095","24":"pa_vahelaos-jah","25":"pa_varv-pahkel","26":"pa_varv-must","28":"first","29":"instock","30":"sale","31":"purchasable","32":"product-type-simple"},"_links":{"self":[{"href":"https:\/\/www.nordi.ee\/en\/wp-json\/wp\/v2\/product\/24169","targetHints":{"allow":["GET"]}}],"collection":[{"href":"https:\/\/www.nordi.ee\/en\/wp-json\/wp\/v2\/product"}],"about":[{"href":"https:\/\/www.nordi.ee\/en\/wp-json\/wp\/v2\/types\/product"}],"replies":[{"embeddable":true,"href":"https:\/\/www.nordi.ee\/en\/wp-json\/wp\/v2\/comments?post=24169"}],"wp:featuredmedia":[{"embeddable":true,"href":"https:\/\/www.nordi.ee\/en\/wp-json\/wp\/v2\/media\/11582"}],"wp:attachment":[{"href":"https:\/\/www.nordi.ee\/en\/wp-json\/wp\/v2\/media?parent=24169"}],"wp:term":[{"taxonomy":"product_brand","embeddable":true,"href":"https:\/\/www.nordi.ee\/en\/wp-json\/wp\/v2\/product_brand?post=24169"},{"taxonomy":"product_cat","embeddable":true,"href":"https:\/\/www.nordi.ee\/en\/wp-json\/wp\/v2\/product_cat?post=24169"},{"taxonomy":"product_tag","embeddable":true,"href":"https:\/\/www.nordi.ee\/en\/wp-json\/wp\/v2\/product_tag?post=24169"}],"curies":[{"name":"wp","href":"https:\/\/api.w.org\/{rel}","templated":true}]}}