{"id":24160,"date":"2025-11-11T20:01:39","date_gmt":"2025-11-11T18:01:39","guid":{"rendered":"https:\/\/www.nordi.ee\/toode\/tool-alenio\/"},"modified":"2026-04-13T05:01:51","modified_gmt":"2026-04-13T02:01:51","slug":"tool-alenio","status":"publish","type":"product","link":"https:\/\/www.nordi.ee\/en\/toode\/tool-alenio\/","title":{"rendered":"Tool ALENIO"},"content":{"rendered":"<p>m\u00f5\u00f5tmed: 44\/50\/85\/45 cm, materjal: massiivne kummipuud, v\u00e4rv: valge  n* See toode on k\u00e4sitsi valmistatud. Kerget ebat\u00e4iuslikkust v\u00f5ib t\u00e4heldada ja need on osa k\u00e4sitsi valmistatud toote v\u00f5lust. See on toote ainulaadsus ning seda ei tohiks pidada tootmisveaks. Need ei m\u00f5juta toote \u00fcldist esteetikat ega selle kasutusv\u00f5imet vastavalt etten\u00e4htud otstarbele.<\/p>\n","protected":false},"excerpt":{"rendered":"<p>m\u00f5\u00f5tmed: 44\/50\/85\/45 cm, materjal: massiivne kummipuud, v\u00e4rv: valge n* See toode on k\u00e4sitsi valmistatud. Kerget ebat\u00e4iuslikkust v\u00f5ib t\u00e4heldada ja need on osa k\u00e4sitsi valmistatud toote v\u00f5lust. See on toote ainulaadsus ning seda ei tohiks pidada tootmisveaks. Need ei m\u00f5juta toote \u00fcldist esteetikat ega selle kasutusv\u00f5imet vastavalt etten\u00e4htud otstarbele.<\/p>\n","protected":false},"featured_media":11574,"comment_status":"closed","ping_status":"open","template":"","meta":{"_gspb_post_css":""},"product_brand":[],"product_cat":[167,180],"product_tag":[],"class_list":{"0":"post-24160","1":"product","2":"type-product","3":"status-publish","4":"has-post-thumbnail","6":"product_cat-soogituba","7":"product_cat-toolid","8":"pa_istmekorgus-362","9":"pa_kanga-tuup-istmel-kangast-ei-ole","10":"pa_kanga-varv-ilma-polstrita","11":"pa_korgus-742","12":"pa_laius-300","13":"pa_pakkide-arv-226","14":"pa_raami-materjal-puit","15":"pa_raami-tuup-sirged-jalad","16":"pa_raami-varv-valge","17":"pa_stiil-skandinaavia","18":"pa_stiil-traditsiooniline","19":"pa_sugavus-221","20":"pa_vahelaos-ei","21":"pa_varv-valge","22":"pa_virnastatav-ei","24":"first","25":"instock","26":"sale","27":"purchasable","28":"product-type-simple"},"_links":{"self":[{"href":"https:\/\/www.nordi.ee\/en\/wp-json\/wp\/v2\/product\/24160","targetHints":{"allow":["GET"]}}],"collection":[{"href":"https:\/\/www.nordi.ee\/en\/wp-json\/wp\/v2\/product"}],"about":[{"href":"https:\/\/www.nordi.ee\/en\/wp-json\/wp\/v2\/types\/product"}],"replies":[{"embeddable":true,"href":"https:\/\/www.nordi.ee\/en\/wp-json\/wp\/v2\/comments?post=24160"}],"wp:featuredmedia":[{"embeddable":true,"href":"https:\/\/www.nordi.ee\/en\/wp-json\/wp\/v2\/media\/11574"}],"wp:attachment":[{"href":"https:\/\/www.nordi.ee\/en\/wp-json\/wp\/v2\/media?parent=24160"}],"wp:term":[{"taxonomy":"product_brand","embeddable":true,"href":"https:\/\/www.nordi.ee\/en\/wp-json\/wp\/v2\/product_brand?post=24160"},{"taxonomy":"product_cat","embeddable":true,"href":"https:\/\/www.nordi.ee\/en\/wp-json\/wp\/v2\/product_cat?post=24160"},{"taxonomy":"product_tag","embeddable":true,"href":"https:\/\/www.nordi.ee\/en\/wp-json\/wp\/v2\/product_tag?post=24160"}],"curies":[{"name":"wp","href":"https:\/\/api.w.org\/{rel}","templated":true}]}}