{"id":24139,"date":"2025-11-11T20:01:24","date_gmt":"2025-11-11T18:01:24","guid":{"rendered":"https:\/\/www.nordi.ee\/toode\/soogilaud-montoria-ummargune\/"},"modified":"2026-04-13T05:01:49","modified_gmt":"2026-04-13T02:01:49","slug":"ummargune-soogilaud-montoria","status":"publish","type":"product","link":"https:\/\/www.nordi.ee\/en\/toode\/ummargune-soogilaud-montoria\/","title":{"rendered":"\u00dcmmargune s\u00f6\u00f6gilaud MONTORIA"},"content":{"rendered":"<p>m\u00f5\u00f5tmed: \u00d8100\/74 cm, materjal: lakitud MDF \/ pulberv\u00e4rvitud teras, v\u00e4rv: pind &#8211; heledashall, jalad &#8211; must<\/p>\n","protected":false},"excerpt":{"rendered":"<p>m\u00f5\u00f5tmed: \u00d8100\/74 cm, materjal: lakitud MDF \/ pulberv\u00e4rvitud teras, v\u00e4rv: pind &#8211; heledashall, jalad &#8211; must<\/p>\n","protected":false},"featured_media":11560,"comment_status":"closed","ping_status":"closed","template":"","meta":{"_gspb_post_css":""},"product_brand":[],"product_cat":[190,167],"product_tag":[],"class_list":{"0":"post-24139","1":"product","2":"type-product","3":"status-publish","4":"has-post-thumbnail","6":"product_cat-soogilauad","7":"product_cat-soogituba","8":"pa_jalgade-arv-289","9":"pa_korgus-677","10":"pa_laius-615","11":"pa_laua-suurus-4-person","12":"pa_laua-varvus-hall","13":"pa_laua-viimistlus-matt","14":"pa_lauaplaadi-kuju-ummargune","15":"pa_lauaplaadi-materjal-lakitud-mdf","16":"pa_pakkide-arv-295","17":"pa_pikendatav-ei","18":"pa_raami-materjal-metall","19":"pa_stiil-kaasaegne","20":"pa_sugavus-1180","21":"pa_vahelaos-jah","22":"pa_varv-hall","23":"pa_varv-must","25":"first","26":"instock","27":"sale","28":"purchasable","29":"product-type-simple"},"_links":{"self":[{"href":"https:\/\/www.nordi.ee\/en\/wp-json\/wp\/v2\/product\/24139","targetHints":{"allow":["GET"]}}],"collection":[{"href":"https:\/\/www.nordi.ee\/en\/wp-json\/wp\/v2\/product"}],"about":[{"href":"https:\/\/www.nordi.ee\/en\/wp-json\/wp\/v2\/types\/product"}],"replies":[{"embeddable":true,"href":"https:\/\/www.nordi.ee\/en\/wp-json\/wp\/v2\/comments?post=24139"}],"wp:featuredmedia":[{"embeddable":true,"href":"https:\/\/www.nordi.ee\/en\/wp-json\/wp\/v2\/media\/11560"}],"wp:attachment":[{"href":"https:\/\/www.nordi.ee\/en\/wp-json\/wp\/v2\/media?parent=24139"}],"wp:term":[{"taxonomy":"product_brand","embeddable":true,"href":"https:\/\/www.nordi.ee\/en\/wp-json\/wp\/v2\/product_brand?post=24139"},{"taxonomy":"product_cat","embeddable":true,"href":"https:\/\/www.nordi.ee\/en\/wp-json\/wp\/v2\/product_cat?post=24139"},{"taxonomy":"product_tag","embeddable":true,"href":"https:\/\/www.nordi.ee\/en\/wp-json\/wp\/v2\/product_tag?post=24139"}],"curies":[{"name":"wp","href":"https:\/\/api.w.org\/{rel}","templated":true}]}}