{"id":24080,"date":"2025-11-11T20:01:11","date_gmt":"2025-11-11T18:01:11","guid":{"rendered":"https:\/\/www.nordi.ee\/toode\/b-54-kirjutuslaud-reguleeritava-korgusega-pealmine-osa-must-raam-valge\/"},"modified":"2026-04-13T05:01:44","modified_gmt":"2026-04-13T02:01:44","slug":"reguleeritav-kirjutuslaud-zara-must-valge","status":"publish","type":"product","link":"https:\/\/www.nordi.ee\/en\/toode\/reguleeritav-kirjutuslaud-zara-must-valge\/","title":{"rendered":"Reguleeritav kirjutuslaud ZARA, must \/ valge"},"content":{"rendered":"<p>m\u00f5\u00f5tmed: 120\/60\/75-120 cm, k\u00f5rguse reguleeritav lauaarvuti, materjal: laminaatplekk. Pulberv\u00e4rvitud teras, v\u00e4rvid: pinda &#8211; must, raam &#8211; valge<\/p>\n","protected":false},"excerpt":{"rendered":"<p>m\u00f5\u00f5tmed: 120\/60\/75-120 cm, k\u00f5rguse reguleeritav lauaarvuti, materjal: laminaatplekk. Pulberv\u00e4rvitud teras, v\u00e4rvid: pinda &#8211; must, raam &#8211; valge<\/p>\n","protected":false},"featured_media":11532,"comment_status":"closed","ping_status":"closed","template":"","meta":{"_gspb_post_css":""},"product_brand":[],"product_cat":[196,216],"product_tag":[],"class_list":{"0":"post-24080","1":"product","2":"type-product","3":"status-publish","4":"has-post-thumbnail","6":"product_cat-kirjutuslauad","7":"product_cat-kontor","8":"pa_korgus-287","9":"pa_laius-310","10":"pa_materjal-lamineeritud-spoonplaat","11":"pa_materjal-pulbervarvitud-teras","12":"pa_pakkide-arv-295","13":"pa_stiil-kaasaegne","14":"pa_sugavus-1832","15":"pa_vahelaos-jah","16":"pa_varv-must","17":"pa_varv-valge","19":"first","20":"instock","21":"sale","22":"purchasable","23":"product-type-simple"},"_links":{"self":[{"href":"https:\/\/www.nordi.ee\/en\/wp-json\/wp\/v2\/product\/24080","targetHints":{"allow":["GET"]}}],"collection":[{"href":"https:\/\/www.nordi.ee\/en\/wp-json\/wp\/v2\/product"}],"about":[{"href":"https:\/\/www.nordi.ee\/en\/wp-json\/wp\/v2\/types\/product"}],"replies":[{"embeddable":true,"href":"https:\/\/www.nordi.ee\/en\/wp-json\/wp\/v2\/comments?post=24080"}],"wp:featuredmedia":[{"embeddable":true,"href":"https:\/\/www.nordi.ee\/en\/wp-json\/wp\/v2\/media\/11532"}],"wp:attachment":[{"href":"https:\/\/www.nordi.ee\/en\/wp-json\/wp\/v2\/media?parent=24080"}],"wp:term":[{"taxonomy":"product_brand","embeddable":true,"href":"https:\/\/www.nordi.ee\/en\/wp-json\/wp\/v2\/product_brand?post=24080"},{"taxonomy":"product_cat","embeddable":true,"href":"https:\/\/www.nordi.ee\/en\/wp-json\/wp\/v2\/product_cat?post=24080"},{"taxonomy":"product_tag","embeddable":true,"href":"https:\/\/www.nordi.ee\/en\/wp-json\/wp\/v2\/product_tag?post=24080"}],"curies":[{"name":"wp","href":"https:\/\/api.w.org\/{rel}","templated":true}]}}