{"id":23968,"date":"2025-11-11T20:00:06","date_gmt":"2025-11-11T18:00:06","guid":{"rendered":"https:\/\/www.nordi.ee\/toode\/azzura-c-laud-naturaalne-valge-2\/"},"modified":"2026-04-13T05:01:35","modified_gmt":"2026-04-13T02:01:35","slug":"azzura-c-laud-naturaalne-valge-2","status":"publish","type":"product","link":"https:\/\/www.nordi.ee\/en\/toode\/azzura-c-laud-naturaalne-valge-2\/","title":{"rendered":"Kohvilaud AZZURA, naturaalne \/ valge"},"content":{"rendered":"<p>m\u00f5\u00f5tmed: \u00f8 69\/33 cm, materjal: MDF + naturaalne vineer \/ pol\u00fcprop\u00fcleen, v\u00e4rvid: naturaalne \/ valge<\/p>\n","protected":false},"excerpt":{"rendered":"<p>m\u00f5\u00f5tmed: \u00f8 69\/33 cm, materjal: MDF + naturaalne vineer \/ pol\u00fcprop\u00fcleen, v\u00e4rvid: naturaalne \/ valge<\/p>\n","protected":false},"featured_media":11456,"comment_status":"closed","ping_status":"closed","template":"","meta":{"_gspb_post_css":""},"product_brand":[],"product_cat":[178,165],"product_tag":[],"class_list":{"0":"post-23968","1":"product","2":"type-product","3":"status-publish","4":"has-post-thumbnail","6":"product_cat-diivanilauad","7":"product_cat-elutuba","8":"pa_korgus-657","9":"pa_laius-656","10":"pa_laua-varvus-puiduimmitatsioon","11":"pa_lauaplaadi-kuju-ummargune","12":"pa_lauaplaadi-materjal-spoon","13":"pa_materjal-polupropuleen","14":"pa_pakkide-arv-226","15":"pa_raami-materjal-polupropuleen","16":"pa_raami-varv-valge","17":"pa_stiil-moodne","18":"pa_stiil-skandinaavia","19":"pa_sugavus-658","20":"pa_vahelaos-ei","21":"pa_varv-valge","23":"first","24":"instock","25":"sale","26":"purchasable","27":"product-type-simple"},"_links":{"self":[{"href":"https:\/\/www.nordi.ee\/en\/wp-json\/wp\/v2\/product\/23968","targetHints":{"allow":["GET"]}}],"collection":[{"href":"https:\/\/www.nordi.ee\/en\/wp-json\/wp\/v2\/product"}],"about":[{"href":"https:\/\/www.nordi.ee\/en\/wp-json\/wp\/v2\/types\/product"}],"replies":[{"embeddable":true,"href":"https:\/\/www.nordi.ee\/en\/wp-json\/wp\/v2\/comments?post=23968"}],"wp:featuredmedia":[{"embeddable":true,"href":"https:\/\/www.nordi.ee\/en\/wp-json\/wp\/v2\/media\/11456"}],"wp:attachment":[{"href":"https:\/\/www.nordi.ee\/en\/wp-json\/wp\/v2\/media?parent=23968"}],"wp:term":[{"taxonomy":"product_brand","embeddable":true,"href":"https:\/\/www.nordi.ee\/en\/wp-json\/wp\/v2\/product_brand?post=23968"},{"taxonomy":"product_cat","embeddable":true,"href":"https:\/\/www.nordi.ee\/en\/wp-json\/wp\/v2\/product_cat?post=23968"},{"taxonomy":"product_tag","embeddable":true,"href":"https:\/\/www.nordi.ee\/en\/wp-json\/wp\/v2\/product_tag?post=23968"}],"curies":[{"name":"wp","href":"https:\/\/api.w.org\/{rel}","templated":true}]}}