{"id":23958,"date":"2025-11-11T20:00:06","date_gmt":"2025-11-11T18:00:06","guid":{"rendered":"https:\/\/www.nordi.ee\/toode\/soogilaud-avenir\/"},"modified":"2026-04-13T05:01:34","modified_gmt":"2026-04-13T02:01:34","slug":"soogilaud-avenir","status":"publish","type":"product","link":"https:\/\/www.nordi.ee\/en\/toode\/soogilaud-avenir\/","title":{"rendered":"S\u00f6\u00f6gilaud AVENIR"},"content":{"rendered":"<p>m\u00f5\u00f5tmed: fi120\/76 cm, materjal: klaas \/ viimistletud MDF \/ pulberv\u00e4rvitud teras, v\u00e4rv: plaat &#8211; must \/ valge, jalad &#8211; must<\/p>\n","protected":false},"excerpt":{"rendered":"<p>m\u00f5\u00f5tmed: fi120\/76 cm, materjal: klaas \/ viimistletud MDF \/ pulberv\u00e4rvitud teras, v\u00e4rv: plaat &#8211; must \/ valge, jalad &#8211; must<\/p>\n","protected":false},"featured_media":11448,"comment_status":"closed","ping_status":"open","template":"","meta":{"_gspb_post_css":""},"product_brand":[],"product_cat":[190,167],"product_tag":[],"class_list":{"0":"post-23958","1":"product","2":"type-product","3":"status-publish","4":"has-post-thumbnail","6":"product_cat-soogilauad","7":"product_cat-soogituba","8":"pa_jalgade-arv-289","9":"pa_korgus-406","10":"pa_laius-286","11":"pa_laua-suurus-6-person","12":"pa_laua-varvus-must","13":"pa_laua-varvus-valge","14":"pa_laua-viimistlus-laikiv","15":"pa_lauaplaadi-kuju-ummargune","16":"pa_lauaplaadi-materjal-klaas","17":"pa_lauaplaadi-materjal-lakitud-mdf","18":"pa_pakkide-arv-295","19":"pa_pikendatav-ei","20":"pa_stiil-glamuur","21":"pa_stiil-moodne","22":"pa_sugavus-1832","23":"pa_vahelaos-jah","24":"pa_varv-must","25":"pa_varv-valge","27":"first","28":"instock","29":"sale","30":"purchasable","31":"product-type-simple"},"_links":{"self":[{"href":"https:\/\/www.nordi.ee\/en\/wp-json\/wp\/v2\/product\/23958","targetHints":{"allow":["GET"]}}],"collection":[{"href":"https:\/\/www.nordi.ee\/en\/wp-json\/wp\/v2\/product"}],"about":[{"href":"https:\/\/www.nordi.ee\/en\/wp-json\/wp\/v2\/types\/product"}],"replies":[{"embeddable":true,"href":"https:\/\/www.nordi.ee\/en\/wp-json\/wp\/v2\/comments?post=23958"}],"wp:featuredmedia":[{"embeddable":true,"href":"https:\/\/www.nordi.ee\/en\/wp-json\/wp\/v2\/media\/11448"}],"wp:attachment":[{"href":"https:\/\/www.nordi.ee\/en\/wp-json\/wp\/v2\/media?parent=23958"}],"wp:term":[{"taxonomy":"product_brand","embeddable":true,"href":"https:\/\/www.nordi.ee\/en\/wp-json\/wp\/v2\/product_brand?post=23958"},{"taxonomy":"product_cat","embeddable":true,"href":"https:\/\/www.nordi.ee\/en\/wp-json\/wp\/v2\/product_cat?post=23958"},{"taxonomy":"product_tag","embeddable":true,"href":"https:\/\/www.nordi.ee\/en\/wp-json\/wp\/v2\/product_tag?post=23958"}],"curies":[{"name":"wp","href":"https:\/\/api.w.org\/{rel}","templated":true}]}}