{"id":23930,"date":"2025-11-11T19:59:55","date_gmt":"2025-11-11T17:59:55","guid":{"rendered":"https:\/\/www.nordi.ee\/toode\/tool-aurelio-valge\/"},"modified":"2026-04-13T05:01:32","modified_gmt":"2026-04-13T02:01:32","slug":"tool-aurelio-valge","status":"publish","type":"product","link":"https:\/\/www.nordi.ee\/en\/toode\/tool-aurelio-valge\/","title":{"rendered":"Kontoritool AURELIO, valge"},"content":{"rendered":"<p>TILT mehhanism, m\u00f5\u00f5tmed: 65\/67\/110\u00f7120 cm, materjal: \u00f6ko nahk, v\u00e4rv: valge<\/p>\n","protected":false},"excerpt":{"rendered":"<p>TILT mehhanism, m\u00f5\u00f5tmed: 65\/67\/110\u00f7120 cm, materjal: \u00f6ko nahk, v\u00e4rv: valge<\/p>\n","protected":false},"featured_media":11430,"comment_status":"closed","ping_status":"closed","template":"","meta":{"_gspb_post_css":""},"product_brand":[],"product_cat":[216,4063],"product_tag":[],"class_list":{"0":"post-23930","1":"product","2":"type-product","3":"status-publish","4":"has-post-thumbnail","6":"product_cat-kontor","7":"product_cat-kontoritoolid","8":"pa_istmekorgus-47-55","9":"pa_kaetugi-fikseeritud-kaetugi","10":"pa_kandevoime-100-kg","11":"pa_kanga-varv-valge","12":"pa_korgus-2208","13":"pa_laius-325","14":"pa_mehhanism-kallutus","15":"pa_pakkide-arv-226","16":"pa_peatugi-ilma-peatugedeta","17":"pa_ratta-tuup-normaalne","18":"pa_stiil-kaasaegne","19":"pa_sugavus-633","20":"pa_tooli-materjal-kunstnahk","21":"pa_tuba-kapp","22":"pa_vahelaos-jah","23":"pa_varv-valge","25":"first","26":"instock","27":"sale","28":"purchasable","29":"product-type-simple"},"_links":{"self":[{"href":"https:\/\/www.nordi.ee\/en\/wp-json\/wp\/v2\/product\/23930","targetHints":{"allow":["GET"]}}],"collection":[{"href":"https:\/\/www.nordi.ee\/en\/wp-json\/wp\/v2\/product"}],"about":[{"href":"https:\/\/www.nordi.ee\/en\/wp-json\/wp\/v2\/types\/product"}],"replies":[{"embeddable":true,"href":"https:\/\/www.nordi.ee\/en\/wp-json\/wp\/v2\/comments?post=23930"}],"wp:featuredmedia":[{"embeddable":true,"href":"https:\/\/www.nordi.ee\/en\/wp-json\/wp\/v2\/media\/11430"}],"wp:attachment":[{"href":"https:\/\/www.nordi.ee\/en\/wp-json\/wp\/v2\/media?parent=23930"}],"wp:term":[{"taxonomy":"product_brand","embeddable":true,"href":"https:\/\/www.nordi.ee\/en\/wp-json\/wp\/v2\/product_brand?post=23930"},{"taxonomy":"product_cat","embeddable":true,"href":"https:\/\/www.nordi.ee\/en\/wp-json\/wp\/v2\/product_cat?post=23930"},{"taxonomy":"product_tag","embeddable":true,"href":"https:\/\/www.nordi.ee\/en\/wp-json\/wp\/v2\/product_tag?post=23930"}],"curies":[{"name":"wp","href":"https:\/\/api.w.org\/{rel}","templated":true}]}}