{"id":23824,"date":"2025-11-11T19:59:11","date_gmt":"2025-11-11T17:59:11","guid":{"rendered":"https:\/\/www.nordi.ee\/toode\/ariza-kaheinimesevoodi-valjatommatava-lisamatressi-kohaga-valge\/"},"modified":"2026-04-15T05:00:46","modified_gmt":"2026-04-15T02:00:46","slug":"voodi-ariz-valge","status":"publish","type":"product","link":"https:\/\/www.nordi.ee\/en\/toode\/voodi-ariz-valge\/","title":{"rendered":"Voodi ARIZ, valge"},"content":{"rendered":"<p>kaheinimesevoodi koos v\u00e4ljat\u00f5mmatava lisamatratsi kohaga, materjal: pulberkattega teras, v\u00e4rv: valge, * voodi ilma madratsiteta, valikulised madratsid PIZA<\/p>\n","protected":false},"excerpt":{"rendered":"<p>kaheinimesevoodi koos v\u00e4ljat\u00f5mmatava lisamatratsi kohaga, materjal: pulberkattega teras, v\u00e4rv: valge, * voodi ilma madratsiteta, valikulised madratsid PIZA<\/p>\n","protected":false},"featured_media":11368,"comment_status":"closed","ping_status":"closed","template":"","meta":{"_gspb_post_css":""},"product_brand":[],"product_cat":[166,215,179],"product_tag":[],"class_list":{"0":"post-23824","1":"product","2":"type-product","3":"status-publish","4":"has-post-thumbnail","6":"product_cat-magamistuba","7":"product_cat-pehme-moobel","8":"product_cat-voodid","9":"pa_korgus-1026","10":"pa_laius-918","11":"pa_pakkide-arv-226","12":"pa_pesukast-ei","13":"pa_sobiv-madratsi-suurus-180x200cm","14":"pa_stiil-modernne","15":"pa_stiil-boho","16":"pa_sugavus-4090","17":"pa_vahelaos-ei","18":"pa_varv-valge","19":"pa_voodituup-metall","21":"first","22":"instock","23":"sale","24":"purchasable","25":"product-type-simple"},"_links":{"self":[{"href":"https:\/\/www.nordi.ee\/en\/wp-json\/wp\/v2\/product\/23824","targetHints":{"allow":["GET"]}}],"collection":[{"href":"https:\/\/www.nordi.ee\/en\/wp-json\/wp\/v2\/product"}],"about":[{"href":"https:\/\/www.nordi.ee\/en\/wp-json\/wp\/v2\/types\/product"}],"replies":[{"embeddable":true,"href":"https:\/\/www.nordi.ee\/en\/wp-json\/wp\/v2\/comments?post=23824"}],"wp:featuredmedia":[{"embeddable":true,"href":"https:\/\/www.nordi.ee\/en\/wp-json\/wp\/v2\/media\/11368"}],"wp:attachment":[{"href":"https:\/\/www.nordi.ee\/en\/wp-json\/wp\/v2\/media?parent=23824"}],"wp:term":[{"taxonomy":"product_brand","embeddable":true,"href":"https:\/\/www.nordi.ee\/en\/wp-json\/wp\/v2\/product_brand?post=23824"},{"taxonomy":"product_cat","embeddable":true,"href":"https:\/\/www.nordi.ee\/en\/wp-json\/wp\/v2\/product_cat?post=23824"},{"taxonomy":"product_tag","embeddable":true,"href":"https:\/\/www.nordi.ee\/en\/wp-json\/wp\/v2\/product_tag?post=23824"}],"curies":[{"name":"wp","href":"https:\/\/api.w.org\/{rel}","templated":true}]}}