{"id":23784,"date":"2025-11-11T19:58:54","date_gmt":"2025-11-11T17:58:54","guid":{"rendered":"https:\/\/www.nordi.ee\/toode\/soogilaud-armon-lastriko-must\/"},"modified":"2026-04-13T05:01:21","modified_gmt":"2026-04-13T02:01:21","slug":"soogilaud-armon-lastriko-must","status":"publish","type":"product","link":"https:\/\/www.nordi.ee\/en\/toode\/soogilaud-armon-lastriko-must\/","title":{"rendered":"S\u00f6\u00f6gilaud ARMON, lastriko \/ must"},"content":{"rendered":"<p>m\u00f5\u00f5tmed: 120\/76\/68 cm; materjal: laminaat MDF + HPL plaat \/ pulberv\u00e4rvitud teras, v\u00e4rv: \u00fclemine &#8211; lastrico, jalad &#8211; valge<\/p>\n","protected":false},"excerpt":{"rendered":"<p>m\u00f5\u00f5tmed: 120\/76\/68 cm; materjal: laminaat MDF + HPL plaat \/ pulberv\u00e4rvitud teras, v\u00e4rv: \u00fclemine &#8211; lastrico, jalad &#8211; valge<\/p>\n","protected":false},"featured_media":11344,"comment_status":"closed","ping_status":"open","template":"","meta":{"_gspb_post_css":""},"product_brand":[],"product_cat":[190,167],"product_tag":[],"class_list":{"0":"post-23784","1":"product","2":"type-product","3":"status-publish","4":"has-post-thumbnail","6":"product_cat-soogilauad","7":"product_cat-soogituba","8":"pa_jalgade-arv-289","9":"pa_korgus-406","10":"pa_laius-286","11":"pa_laua-suurus-4-person","12":"pa_laua-varvus-valge","13":"pa_laua-viimistlus-matt","14":"pa_lauaplaadi-kuju-ummargune","15":"pa_lauaplaadi-materjal-lamiiniga-kaetud-mdf","16":"pa_pakkide-arv-295","17":"pa_pikendatav-ei","18":"pa_raami-materjal-mdf","19":"pa_stiil-kaasaegne","20":"pa_sugavus-1832","21":"pa_vahelaos-jah","22":"pa_varv-valge","24":"first","25":"instock","26":"sale","27":"purchasable","28":"product-type-simple"},"_links":{"self":[{"href":"https:\/\/www.nordi.ee\/en\/wp-json\/wp\/v2\/product\/23784","targetHints":{"allow":["GET"]}}],"collection":[{"href":"https:\/\/www.nordi.ee\/en\/wp-json\/wp\/v2\/product"}],"about":[{"href":"https:\/\/www.nordi.ee\/en\/wp-json\/wp\/v2\/types\/product"}],"replies":[{"embeddable":true,"href":"https:\/\/www.nordi.ee\/en\/wp-json\/wp\/v2\/comments?post=23784"}],"wp:featuredmedia":[{"embeddable":true,"href":"https:\/\/www.nordi.ee\/en\/wp-json\/wp\/v2\/media\/11344"}],"wp:attachment":[{"href":"https:\/\/www.nordi.ee\/en\/wp-json\/wp\/v2\/media?parent=23784"}],"wp:term":[{"taxonomy":"product_brand","embeddable":true,"href":"https:\/\/www.nordi.ee\/en\/wp-json\/wp\/v2\/product_brand?post=23784"},{"taxonomy":"product_cat","embeddable":true,"href":"https:\/\/www.nordi.ee\/en\/wp-json\/wp\/v2\/product_cat?post=23784"},{"taxonomy":"product_tag","embeddable":true,"href":"https:\/\/www.nordi.ee\/en\/wp-json\/wp\/v2\/product_tag?post=23784"}],"curies":[{"name":"wp","href":"https:\/\/api.w.org\/{rel}","templated":true}]}}