{"id":23778,"date":"2025-11-11T19:58:45","date_gmt":"2025-11-11T17:58:45","guid":{"rendered":"https:\/\/www.nordi.ee\/toode\/soogilaud-antaro-must\/"},"modified":"2026-04-13T05:01:19","modified_gmt":"2026-04-13T02:01:19","slug":"soogilaud-antaro-must","status":"publish","type":"product","link":"https:\/\/www.nordi.ee\/en\/toode\/soogilaud-antaro-must\/","title":{"rendered":"S\u00f6\u00f6gilaud ANTARO, must"},"content":{"rendered":"<p>m\u00f5\u00f5tmed: 140\/80\/75 cm, materjal: klaas \/ v\u00e4rvitud teras, v\u00e4rv: klaas &#8211; must<\/p>\n","protected":false},"excerpt":{"rendered":"<p>m\u00f5\u00f5tmed: 140\/80\/75 cm, materjal: klaas \/ v\u00e4rvitud teras, v\u00e4rv: klaas &#8211; must<\/p>\n","protected":false},"featured_media":11334,"comment_status":"closed","ping_status":"open","template":"","meta":{"_gspb_post_css":""},"product_brand":[],"product_cat":[190,167],"product_tag":[],"class_list":{"0":"post-23778","1":"product","2":"type-product","3":"status-publish","4":"has-post-thumbnail","6":"product_cat-soogilauad","7":"product_cat-soogituba","8":"pa_jalgade-arv-547","9":"pa_korgus-287","10":"pa_laius-353","11":"pa_laua-suurus-6-person","12":"pa_laua-varvus-labipaistev-klaas","13":"pa_laua-varvus-must","14":"pa_laua-viimistlus-laikiv","15":"pa_lauaplaadi-kuju-ristkulikukujuline","16":"pa_lauaplaadi-materjal-klaas","17":"pa_pakkide-arv-466","18":"pa_pikendatav-ei","19":"pa_stiil-kaasaegne","20":"pa_sugavus-4088","21":"pa_vahelaos-jah","22":"pa_varv-must","24":"first","25":"instock","26":"sale","27":"purchasable","28":"product-type-simple"},"_links":{"self":[{"href":"https:\/\/www.nordi.ee\/en\/wp-json\/wp\/v2\/product\/23778","targetHints":{"allow":["GET"]}}],"collection":[{"href":"https:\/\/www.nordi.ee\/en\/wp-json\/wp\/v2\/product"}],"about":[{"href":"https:\/\/www.nordi.ee\/en\/wp-json\/wp\/v2\/types\/product"}],"replies":[{"embeddable":true,"href":"https:\/\/www.nordi.ee\/en\/wp-json\/wp\/v2\/comments?post=23778"}],"wp:featuredmedia":[{"embeddable":true,"href":"https:\/\/www.nordi.ee\/en\/wp-json\/wp\/v2\/media\/11334"}],"wp:attachment":[{"href":"https:\/\/www.nordi.ee\/en\/wp-json\/wp\/v2\/media?parent=23778"}],"wp:term":[{"taxonomy":"product_brand","embeddable":true,"href":"https:\/\/www.nordi.ee\/en\/wp-json\/wp\/v2\/product_brand?post=23778"},{"taxonomy":"product_cat","embeddable":true,"href":"https:\/\/www.nordi.ee\/en\/wp-json\/wp\/v2\/product_cat?post=23778"},{"taxonomy":"product_tag","embeddable":true,"href":"https:\/\/www.nordi.ee\/en\/wp-json\/wp\/v2\/product_tag?post=23778"}],"curies":[{"name":"wp","href":"https:\/\/api.w.org\/{rel}","templated":true}]}}