{"id":23754,"date":"2025-11-11T19:58:34","date_gmt":"2025-11-11T17:58:34","guid":{"rendered":"https:\/\/www.nordi.ee\/toode\/antica-kohvilaua-ulaosa-valge-marmor-raam-must-2kasti-1tk\/"},"modified":"2026-04-13T05:01:17","modified_gmt":"2026-04-13T02:01:17","slug":"antica-kohvilaud-valge-marmor-raam-must-2-kasti-1-tk","status":"publish","type":"product","link":"https:\/\/www.nordi.ee\/en\/toode\/antica-kohvilaud-valge-marmor-raam-must-2-kasti-1-tk\/","title":{"rendered":"Kohvilaud ANTICA, must \/ valge marmor"},"content":{"rendered":"<p>m\u00f5\u00f5tmed: \u00d8 80\/36 cm, materjal: laminaat MDF \/ pulberkattega teras, v\u00e4rv: valge marmor &#8211; must<\/p>\n","protected":false},"excerpt":{"rendered":"<p>m\u00f5\u00f5tmed: \u00d8 80\/36 cm, materjal: laminaat MDF \/ pulberkattega teras, v\u00e4rv: valge marmor &#8211; must<\/p>\n","protected":false},"featured_media":11318,"comment_status":"closed","ping_status":"closed","template":"","meta":{"_gspb_post_css":""},"product_brand":[],"product_cat":[178,165],"product_tag":[],"class_list":{"0":"post-23754","1":"product","2":"type-product","3":"status-publish","4":"has-post-thumbnail","6":"product_cat-diivanilauad","7":"product_cat-elutuba","8":"pa_korgus-536","9":"pa_laius-353","10":"pa_laua-varvus-valge-marmor","11":"pa_laua-viimistlus-matt","12":"pa_lauaplaadi-kuju-ummargune","13":"pa_lauaplaadi-materjal-lamiiniga-kaetud-mdf","14":"pa_materjal-pulberkattega-teras","15":"pa_pakkide-arv-295","16":"pa_raami-materjal-metall","17":"pa_raami-varv-must","18":"pa_stiil-kaasaegne","19":"pa_sugavus-475","20":"pa_vahelaos-ei","21":"pa_varv-must","23":"first","24":"instock","25":"sale","26":"purchasable","27":"product-type-simple"},"_links":{"self":[{"href":"https:\/\/www.nordi.ee\/en\/wp-json\/wp\/v2\/product\/23754","targetHints":{"allow":["GET"]}}],"collection":[{"href":"https:\/\/www.nordi.ee\/en\/wp-json\/wp\/v2\/product"}],"about":[{"href":"https:\/\/www.nordi.ee\/en\/wp-json\/wp\/v2\/types\/product"}],"replies":[{"embeddable":true,"href":"https:\/\/www.nordi.ee\/en\/wp-json\/wp\/v2\/comments?post=23754"}],"wp:featuredmedia":[{"embeddable":true,"href":"https:\/\/www.nordi.ee\/en\/wp-json\/wp\/v2\/media\/11318"}],"wp:attachment":[{"href":"https:\/\/www.nordi.ee\/en\/wp-json\/wp\/v2\/media?parent=23754"}],"wp:term":[{"taxonomy":"product_brand","embeddable":true,"href":"https:\/\/www.nordi.ee\/en\/wp-json\/wp\/v2\/product_brand?post=23754"},{"taxonomy":"product_cat","embeddable":true,"href":"https:\/\/www.nordi.ee\/en\/wp-json\/wp\/v2\/product_cat?post=23754"},{"taxonomy":"product_tag","embeddable":true,"href":"https:\/\/www.nordi.ee\/en\/wp-json\/wp\/v2\/product_tag?post=23754"}],"curies":[{"name":"wp","href":"https:\/\/api.w.org\/{rel}","templated":true}]}}