{"id":23640,"date":"2025-11-11T19:57:44","date_gmt":"2025-11-11T17:57:44","guid":{"rendered":"https:\/\/www.nordi.ee\/toode\/soogilaud-ameron\/"},"modified":"2026-04-13T05:01:07","modified_gmt":"2026-04-13T02:01:07","slug":"soogilaud-ameron","status":"publish","type":"product","link":"https:\/\/www.nordi.ee\/en\/toode\/soogilaud-ameron\/","title":{"rendered":"S\u00f6\u00f6gilaud AMERON"},"content":{"rendered":"<p>m\u00f5\u00f5tmed: o90\/72 cm, materjal: klaas \/ pulberv\u00e4rvitud teras, v\u00e4rv: pind &#8211; valge marmor, jalad &#8211; must<\/p>\n","protected":false},"excerpt":{"rendered":"<p>m\u00f5\u00f5tmed: o90\/72 cm, materjal: klaas \/ pulberv\u00e4rvitud teras, v\u00e4rv: pind &#8211; valge marmor, jalad &#8211; must<\/p>\n","protected":false},"featured_media":11242,"comment_status":"closed","ping_status":"open","template":"","meta":{"_gspb_post_css":""},"product_brand":[],"product_cat":[190,167],"product_tag":[],"class_list":{"0":"post-23640","1":"product","2":"type-product","3":"status-publish","4":"has-post-thumbnail","6":"product_cat-soogilauad","7":"product_cat-soogituba","8":"pa_jalgade-arv-494","9":"pa_korgus-492","10":"pa_laius-349","11":"pa_laua-suurus-3-person","12":"pa_laua-varvus-valge","13":"pa_laua-viimistlus-matt","14":"pa_lauaplaadi-kuju-ummargune","15":"pa_lauaplaadi-materjal-klaas","16":"pa_pakkide-arv-295","17":"pa_pikendatav-ei","18":"pa_raami-materjal-metall","19":"pa_stiil-glamuurne","20":"pa_stiil-kaasaegne","21":"pa_sugavus-351","22":"pa_vahelaos-ei","23":"pa_varv-marmore","24":"pa_varv-must","26":"first","27":"instock","28":"sale","29":"purchasable","30":"product-type-simple"},"_links":{"self":[{"href":"https:\/\/www.nordi.ee\/en\/wp-json\/wp\/v2\/product\/23640","targetHints":{"allow":["GET"]}}],"collection":[{"href":"https:\/\/www.nordi.ee\/en\/wp-json\/wp\/v2\/product"}],"about":[{"href":"https:\/\/www.nordi.ee\/en\/wp-json\/wp\/v2\/types\/product"}],"replies":[{"embeddable":true,"href":"https:\/\/www.nordi.ee\/en\/wp-json\/wp\/v2\/comments?post=23640"}],"wp:featuredmedia":[{"embeddable":true,"href":"https:\/\/www.nordi.ee\/en\/wp-json\/wp\/v2\/media\/11242"}],"wp:attachment":[{"href":"https:\/\/www.nordi.ee\/en\/wp-json\/wp\/v2\/media?parent=23640"}],"wp:term":[{"taxonomy":"product_brand","embeddable":true,"href":"https:\/\/www.nordi.ee\/en\/wp-json\/wp\/v2\/product_brand?post=23640"},{"taxonomy":"product_cat","embeddable":true,"href":"https:\/\/www.nordi.ee\/en\/wp-json\/wp\/v2\/product_cat?post=23640"},{"taxonomy":"product_tag","embeddable":true,"href":"https:\/\/www.nordi.ee\/en\/wp-json\/wp\/v2\/product_tag?post=23640"}],"curies":[{"name":"wp","href":"https:\/\/api.w.org\/{rel}","templated":true}]}}