{"id":23588,"date":"2025-11-11T19:57:22","date_gmt":"2025-11-11T17:57:22","guid":{"rendered":"https:\/\/www.nordi.ee\/toode\/alston-pikendatav-laud-varv-beez-valge\/"},"modified":"2026-04-13T05:01:00","modified_gmt":"2026-04-13T02:01:00","slug":"pikendatud-soogilaud-alstan-beezi-valge","status":"publish","type":"product","link":"https:\/\/www.nordi.ee\/en\/toode\/pikendatud-soogilaud-alstan-beezi-valge\/","title":{"rendered":"Pikendatav s\u00f6\u00f6gilaud ALSTAN, bee\u017ei\/valge"},"content":{"rendered":"<p>laiendatav laud, m\u00f5\u00f5tmed: 120\u00f7180\/80\/75 cm, materjal: klaas \/ v\u00e4rvitud teras, v\u00e4rv: klaas &#8211; bee\u017e, raam &#8211; valge<\/p>\n","protected":false},"excerpt":{"rendered":"<p>laiendatav laud, m\u00f5\u00f5tmed: 120\u00f7180\/80\/75 cm, materjal: klaas \/ v\u00e4rvitud teras, v\u00e4rv: klaas &#8211; bee\u017e, raam &#8211; valge<\/p>\n","protected":false},"featured_media":11212,"comment_status":"closed","ping_status":"closed","template":"","meta":{"_gspb_post_css":""},"product_brand":[],"product_cat":[190,167],"product_tag":[],"class_list":{"0":"post-23588","1":"product","2":"type-product","3":"status-publish","4":"has-post-thumbnail","6":"product_cat-soogilauad","7":"product_cat-soogituba","8":"pa_vahelaos-ei","10":"first","11":"instock","12":"sale","13":"purchasable","14":"product-type-simple"},"_links":{"self":[{"href":"https:\/\/www.nordi.ee\/en\/wp-json\/wp\/v2\/product\/23588","targetHints":{"allow":["GET"]}}],"collection":[{"href":"https:\/\/www.nordi.ee\/en\/wp-json\/wp\/v2\/product"}],"about":[{"href":"https:\/\/www.nordi.ee\/en\/wp-json\/wp\/v2\/types\/product"}],"replies":[{"embeddable":true,"href":"https:\/\/www.nordi.ee\/en\/wp-json\/wp\/v2\/comments?post=23588"}],"wp:featuredmedia":[{"embeddable":true,"href":"https:\/\/www.nordi.ee\/en\/wp-json\/wp\/v2\/media\/11212"}],"wp:attachment":[{"href":"https:\/\/www.nordi.ee\/en\/wp-json\/wp\/v2\/media?parent=23588"}],"wp:term":[{"taxonomy":"product_brand","embeddable":true,"href":"https:\/\/www.nordi.ee\/en\/wp-json\/wp\/v2\/product_brand?post=23588"},{"taxonomy":"product_cat","embeddable":true,"href":"https:\/\/www.nordi.ee\/en\/wp-json\/wp\/v2\/product_cat?post=23588"},{"taxonomy":"product_tag","embeddable":true,"href":"https:\/\/www.nordi.ee\/en\/wp-json\/wp\/v2\/product_tag?post=23588"}],"curies":[{"name":"wp","href":"https:\/\/api.w.org\/{rel}","templated":true}]}}