{"id":23568,"date":"2025-11-11T19:57:08","date_gmt":"2025-11-11T17:57:08","guid":{"rendered":"https:\/\/www.nordi.ee\/toode\/kohvilaud-almero-labipaistev\/"},"modified":"2026-04-13T05:00:55","modified_gmt":"2026-04-13T02:00:55","slug":"kohvilaud-almero-labipaistev","status":"publish","type":"product","link":"https:\/\/www.nordi.ee\/en\/toode\/kohvilaud-almero-labipaistev\/","title":{"rendered":"Kohvilaud ALMERO, l\u00e4bipaistev"},"content":{"rendered":"<p>m\u00f5\u00f5tmed: fi45\/50 cm, materiaalsus: klaas \/ kroomteras, v\u00e4rv: \u00fcleval &#8211; l\u00e4bipaistev<\/p>\n","protected":false},"excerpt":{"rendered":"<p>m\u00f5\u00f5tmed: fi45\/50 cm, materiaalsus: klaas \/ kroomteras, v\u00e4rv: \u00fcleval &#8211; l\u00e4bipaistev<\/p>\n","protected":false},"featured_media":11194,"comment_status":"closed","ping_status":"open","template":"","meta":{"_gspb_post_css":""},"product_brand":[],"product_cat":[178,165],"product_tag":[],"class_list":{"0":"post-23568","1":"product","2":"type-product","3":"status-publish","4":"has-post-thumbnail","6":"product_cat-diivanilauad","7":"product_cat-elutuba","8":"pa_korgus-301","9":"pa_laius-450","10":"pa_laua-varvus-labipaistev-klaas","11":"pa_laua-viimistlus-laikiv","12":"pa_lauaplaadi-kuju-ummargune","13":"pa_lauaplaadi-materjal-klaas","14":"pa_lisafunktsioonid-ajalehehoidja","15":"pa_materjal-kroomitud-teras","16":"pa_pakkide-arv-226","17":"pa_raami-materjal-metall","18":"pa_raami-varv-kroomitud","19":"pa_stiil-glamuurne","20":"pa_stiil-kaasaegne","21":"pa_sugavus-221","22":"pa_vahelaos-ei","23":"pa_varv-kroomitud","25":"first","26":"instock","27":"sale","28":"purchasable","29":"product-type-simple"},"_links":{"self":[{"href":"https:\/\/www.nordi.ee\/en\/wp-json\/wp\/v2\/product\/23568","targetHints":{"allow":["GET"]}}],"collection":[{"href":"https:\/\/www.nordi.ee\/en\/wp-json\/wp\/v2\/product"}],"about":[{"href":"https:\/\/www.nordi.ee\/en\/wp-json\/wp\/v2\/types\/product"}],"replies":[{"embeddable":true,"href":"https:\/\/www.nordi.ee\/en\/wp-json\/wp\/v2\/comments?post=23568"}],"wp:featuredmedia":[{"embeddable":true,"href":"https:\/\/www.nordi.ee\/en\/wp-json\/wp\/v2\/media\/11194"}],"wp:attachment":[{"href":"https:\/\/www.nordi.ee\/en\/wp-json\/wp\/v2\/media?parent=23568"}],"wp:term":[{"taxonomy":"product_brand","embeddable":true,"href":"https:\/\/www.nordi.ee\/en\/wp-json\/wp\/v2\/product_brand?post=23568"},{"taxonomy":"product_cat","embeddable":true,"href":"https:\/\/www.nordi.ee\/en\/wp-json\/wp\/v2\/product_cat?post=23568"},{"taxonomy":"product_tag","embeddable":true,"href":"https:\/\/www.nordi.ee\/en\/wp-json\/wp\/v2\/product_tag?post=23568"}],"curies":[{"name":"wp","href":"https:\/\/api.w.org\/{rel}","templated":true}]}}