{"id":23545,"date":"2025-11-11T19:57:08","date_gmt":"2025-11-11T17:57:08","guid":{"rendered":"https:\/\/www.nordi.ee\/toode\/tool-alexor-must-hall\/"},"modified":"2026-04-13T05:00:53","modified_gmt":"2026-04-13T02:00:53","slug":"tool-alexor-must-hall","status":"publish","type":"product","link":"https:\/\/www.nordi.ee\/en\/toode\/tool-alexor-must-hall\/","title":{"rendered":"Kontoritool ALEXOR, must \/ hall"},"content":{"rendered":"<p>p\u00f5him\u00f5te, m\u00f5\u00f5tmed: 57\/56\/87\u00f799 cm, materjal: membraanriie \/ v\u00f5rk, v\u00e4rv: must \/ hall<\/p>\n","protected":false},"excerpt":{"rendered":"<p>p\u00f5him\u00f5te, m\u00f5\u00f5tmed: 57\/56\/87\u00f799 cm, materjal: membraanriie \/ v\u00f5rk, v\u00e4rv: must \/ hall<\/p>\n","protected":false},"featured_media":11182,"comment_status":"closed","ping_status":"closed","template":"","meta":{"_gspb_post_css":""},"product_brand":[],"product_cat":[4063,216],"product_tag":[],"class_list":{"0":"post-23545","1":"product","2":"type-product","3":"status-publish","4":"has-post-thumbnail","6":"product_cat-kontoritoolid","7":"product_cat-kontor","8":"pa_istmekorgus-41-53","9":"pa_kaetugi-fikseeritud-kaetugi","10":"pa_kandevoime-100-kg","11":"pa_kanga-varv-hall","12":"pa_kanga-varv-must","13":"pa_korgus-455","14":"pa_laius-431","15":"pa_mehhanism-tavaline","16":"pa_pakkide-arv-226","17":"pa_peatugi-ilma-peatugedeta","18":"pa_ratta-tuup-normaalne","19":"pa_stiil-kaasaegne","20":"pa_sugavus-433","21":"pa_tooli-materjal-vork","22":"pa_tooli-materjal-vorkkangas","23":"pa_tuba-kontor","24":"pa_vahelaos-ei","25":"pa_varv-hall","26":"pa_varv-must","28":"first","29":"instock","30":"sale","31":"purchasable","32":"product-type-simple"},"_links":{"self":[{"href":"https:\/\/www.nordi.ee\/en\/wp-json\/wp\/v2\/product\/23545","targetHints":{"allow":["GET"]}}],"collection":[{"href":"https:\/\/www.nordi.ee\/en\/wp-json\/wp\/v2\/product"}],"about":[{"href":"https:\/\/www.nordi.ee\/en\/wp-json\/wp\/v2\/types\/product"}],"replies":[{"embeddable":true,"href":"https:\/\/www.nordi.ee\/en\/wp-json\/wp\/v2\/comments?post=23545"}],"wp:featuredmedia":[{"embeddable":true,"href":"https:\/\/www.nordi.ee\/en\/wp-json\/wp\/v2\/media\/11182"}],"wp:attachment":[{"href":"https:\/\/www.nordi.ee\/en\/wp-json\/wp\/v2\/media?parent=23545"}],"wp:term":[{"taxonomy":"product_brand","embeddable":true,"href":"https:\/\/www.nordi.ee\/en\/wp-json\/wp\/v2\/product_brand?post=23545"},{"taxonomy":"product_cat","embeddable":true,"href":"https:\/\/www.nordi.ee\/en\/wp-json\/wp\/v2\/product_cat?post=23545"},{"taxonomy":"product_tag","embeddable":true,"href":"https:\/\/www.nordi.ee\/en\/wp-json\/wp\/v2\/product_tag?post=23545"}],"curies":[{"name":"wp","href":"https:\/\/api.w.org\/{rel}","templated":true}]}}