{"id":23332,"date":"2025-11-11T19:56:25","date_gmt":"2025-11-11T17:56:25","guid":{"rendered":"https:\/\/www.nordi.ee\/toode\/nurgadiivan-arven-2-sinepihall\/"},"modified":"2026-04-13T05:00:41","modified_gmt":"2026-04-13T02:00:41","slug":"lahtikaiv-tugitool-aurora-sinepihall","status":"publish","type":"product","link":"https:\/\/www.nordi.ee\/en\/toode\/lahtikaiv-tugitool-aurora-sinepihall\/","title":{"rendered":"Lahtik\u00e4iv tugitool AURORA, sinepihall"},"content":{"rendered":"<p>m\u00f5\u00f5tmed: 75\/92-160\/107-83\/45 cm, nurgadiivan, materjal: kangas, v\u00e4rv: sinep &#8211; BLUVEL 68<\/p>\n","protected":false},"excerpt":{"rendered":"<p>m\u00f5\u00f5tmed: 75\/92-160\/107-83\/45 cm, nurgadiivan, materjal: kangas, v\u00e4rv: sinep &#8211; BLUVEL 68<\/p>\n","protected":false},"featured_media":11124,"comment_status":"closed","ping_status":"closed","template":"","meta":{"_gspb_post_css":""},"product_brand":[],"product_cat":[215,188],"product_tag":[],"class_list":{"0":"post-23332","1":"product","2":"type-product","3":"status-publish","4":"has-post-thumbnail","6":"product_cat-pehme-moobel","7":"product_cat-tugitoolid","8":"pa_istmekorgus-362","9":"pa_jalgade-raami-materjal-polupropuleen","10":"pa_jalgade-raami-varv-must","11":"pa_kanga-tuup-sametkangas","12":"pa_kanga-varv-sinepikollane","13":"pa_korgus-383","14":"pa_laius-359","15":"pa_lisafunktsioonid-recliner-funktsioon","16":"pa_pakkide-arv-295","17":"pa_stiil-traditsiooniline","18":"pa_sugavus-4084","19":"pa_vahelaos-jah","20":"pa_varv-sinepikollane","22":"first","23":"instock","24":"sale","25":"purchasable","26":"product-type-simple"},"_links":{"self":[{"href":"https:\/\/www.nordi.ee\/en\/wp-json\/wp\/v2\/product\/23332","targetHints":{"allow":["GET"]}}],"collection":[{"href":"https:\/\/www.nordi.ee\/en\/wp-json\/wp\/v2\/product"}],"about":[{"href":"https:\/\/www.nordi.ee\/en\/wp-json\/wp\/v2\/types\/product"}],"replies":[{"embeddable":true,"href":"https:\/\/www.nordi.ee\/en\/wp-json\/wp\/v2\/comments?post=23332"}],"wp:featuredmedia":[{"embeddable":true,"href":"https:\/\/www.nordi.ee\/en\/wp-json\/wp\/v2\/media\/11124"}],"wp:attachment":[{"href":"https:\/\/www.nordi.ee\/en\/wp-json\/wp\/v2\/media?parent=23332"}],"wp:term":[{"taxonomy":"product_brand","embeddable":true,"href":"https:\/\/www.nordi.ee\/en\/wp-json\/wp\/v2\/product_brand?post=23332"},{"taxonomy":"product_cat","embeddable":true,"href":"https:\/\/www.nordi.ee\/en\/wp-json\/wp\/v2\/product_cat?post=23332"},{"taxonomy":"product_tag","embeddable":true,"href":"https:\/\/www.nordi.ee\/en\/wp-json\/wp\/v2\/product_tag?post=23332"}],"curies":[{"name":"wp","href":"https:\/\/api.w.org\/{rel}","templated":true}]}}